{"id":17,"date":"2022-12-13T21:35:22","date_gmt":"2022-12-14T00:35:22","guid":{"rendered":"http:\/\/toroagenciadigital.com.br\/principal\/?page_id=17"},"modified":"2022-12-14T13:46:14","modified_gmt":"2022-12-14T16:46:14","slug":"o-novo-umoma-abre-suas-portas-2","status":"publish","type":"page","link":"https:\/\/toroagenciadigital.com.br\/","title":{"rendered":"Ag\u00eancia Digital COMPLETA"},"content":{"rendered":"\n<div class=\"wp-block-group alignwide\"><div class=\"wp-block-group__inner-container is-layout-flow wp-block-group-is-layout-flow\">\n<h2 class=\"has-text-align-center wp-block-heading\">Nosso objetivo \u00e9 que voc\u00ea avance, cres\u00e7a e profissionaliza<\/h2>\n<\/div><\/div>\n\n\n\n<div class=\"wp-block-columns alignwide is-layout-flex wp-container-core-columns-is-layout-1 wp-block-columns-is-layout-flex\">\n<div class=\"wp-block-column is-layout-flow wp-block-column-is-layout-flow\">\n<div class=\"wp-block-group\"><div class=\"wp-block-group__inner-container is-layout-flow wp-block-group-is-layout-flow\">\n<figure class=\"wp-block-image alignfull size-large\"><img loading=\"lazy\" decoding=\"async\" width=\"1024\" height=\"768\" src=\"http:\/\/toroagenciadigital.com.br\/principal\/wp-content\/uploads\/2022\/12\/religioso-1024x768.jpg\" alt=\"\" class=\"wp-image-68\" srcset=\"https:\/\/toroagenciadigital.com.br\/wp-content\/uploads\/2022\/12\/religioso-1024x768.jpg 1024w, https:\/\/toroagenciadigital.com.br\/wp-content\/uploads\/2022\/12\/religioso-300x225.jpg 300w, https:\/\/toroagenciadigital.com.br\/wp-content\/uploads\/2022\/12\/religioso-768x576.jpg 768w, https:\/\/toroagenciadigital.com.br\/wp-content\/uploads\/2022\/12\/religioso.jpg 1160w\" sizes=\"auto, (max-width: 1024px) 100vw, 1024px\" \/><\/figure>\n\n\n\n<h3 class=\"wp-block-heading\">Religioso<\/h3>\n\n\n\n<div class=\"wp-block-button is-style-outline is-style-outline--1\"><a class=\"wp-block-button__link wp-element-button\" href=\"https:\/\/make.wordpress.org\/core\/2019\/09\/27\/block-editor-theme-related-updates-in-wordpress-5-3\/\">Leia mais<\/a><\/div>\n<\/div><\/div>\n\n\n\n<div class=\"wp-block-group\"><div class=\"wp-block-group__inner-container is-layout-flow wp-block-group-is-layout-flow\">\n<figure class=\"wp-block-image alignfull size-large\"><img loading=\"lazy\" decoding=\"async\" width=\"1024\" height=\"768\" src=\"http:\/\/toroagenciadigital.com.br\/principal\/wp-content\/uploads\/2022\/12\/pessoal-1024x768.jpg\" alt=\"\" class=\"wp-image-72\" srcset=\"https:\/\/toroagenciadigital.com.br\/wp-content\/uploads\/2022\/12\/pessoal-1024x768.jpg 1024w, https:\/\/toroagenciadigital.com.br\/wp-content\/uploads\/2022\/12\/pessoal-300x225.jpg 300w, https:\/\/toroagenciadigital.com.br\/wp-content\/uploads\/2022\/12\/pessoal-768x576.jpg 768w, https:\/\/toroagenciadigital.com.br\/wp-content\/uploads\/2022\/12\/pessoal.jpg 1160w\" sizes=\"auto, (max-width: 1024px) 100vw, 1024px\" \/><\/figure>\n\n\n\n<h3 class=\"wp-block-heading\">Pessoal<\/h3>\n\n\n\n<div class=\"wp-block-button is-style-outline is-style-outline--2\"><a class=\"wp-block-button__link wp-element-button\" href=\"https:\/\/make.wordpress.org\/core\/2019\/09\/27\/block-editor-theme-related-updates-in-wordpress-5-3\/\">Leia mais<\/a><\/div>\n<\/div><\/div>\n<\/div>\n\n\n\n<div class=\"wp-block-column is-layout-flow wp-block-column-is-layout-flow\">\n<div class=\"wp-block-group\"><div class=\"wp-block-group__inner-container is-layout-flow wp-block-group-is-layout-flow\">\n<figure class=\"wp-block-image alignfull size-large\"><img loading=\"lazy\" decoding=\"async\" width=\"1024\" height=\"768\" src=\"http:\/\/toroagenciadigital.com.br\/principal\/wp-content\/uploads\/2022\/12\/emprresarial-1024x768.jpg\" alt=\"\" class=\"wp-image-70\" srcset=\"https:\/\/toroagenciadigital.com.br\/wp-content\/uploads\/2022\/12\/emprresarial-1024x768.jpg 1024w, https:\/\/toroagenciadigital.com.br\/wp-content\/uploads\/2022\/12\/emprresarial-300x225.jpg 300w, https:\/\/toroagenciadigital.com.br\/wp-content\/uploads\/2022\/12\/emprresarial-768x576.jpg 768w, https:\/\/toroagenciadigital.com.br\/wp-content\/uploads\/2022\/12\/emprresarial.jpg 1160w\" sizes=\"auto, (max-width: 1024px) 100vw, 1024px\" \/><\/figure>\n\n\n\n<h3 class=\"wp-block-heading\">Empresarial<\/h3>\n\n\n\n<div class=\"wp-block-button is-style-outline is-style-outline--3\"><a class=\"wp-block-button__link wp-element-button\" href=\"https:\/\/make.wordpress.org\/core\/2019\/09\/27\/block-editor-theme-related-updates-in-wordpress-5-3\/\">Leia mais<\/a><\/div>\n<\/div><\/div>\n\n\n\n<div class=\"wp-block-group\"><div class=\"wp-block-group__inner-container is-layout-flow wp-block-group-is-layout-flow\">\n<figure class=\"wp-block-image alignfull size-large\"><img loading=\"lazy\" decoding=\"async\" width=\"1024\" height=\"768\" src=\"http:\/\/toroagenciadigital.com.br\/principal\/wp-content\/uploads\/2022\/12\/grafica-1024x768.jpg\" alt=\"\" class=\"wp-image-74\" srcset=\"https:\/\/toroagenciadigital.com.br\/wp-content\/uploads\/2022\/12\/grafica-1024x768.jpg 1024w, https:\/\/toroagenciadigital.com.br\/wp-content\/uploads\/2022\/12\/grafica-300x225.jpg 300w, https:\/\/toroagenciadigital.com.br\/wp-content\/uploads\/2022\/12\/grafica-768x576.jpg 768w, https:\/\/toroagenciadigital.com.br\/wp-content\/uploads\/2022\/12\/grafica.jpg 1160w\" sizes=\"auto, (max-width: 1024px) 100vw, 1024px\" \/><\/figure>\n\n\n\n<h3 class=\"wp-block-heading\">Gr\u00e1fica<\/h3>\n\n\n\n<div class=\"wp-block-button is-style-outline is-style-outline--4\"><a class=\"wp-block-button__link wp-element-button\" href=\"https:\/\/make.wordpress.org\/core\/2019\/09\/27\/block-editor-theme-related-updates-in-wordpress-5-3\/\">Leia mais<\/a><\/div>\n<\/div><\/div>\n<\/div>\n<\/div>\n\n\n\n<figure class=\"wp-block-image alignfull size-full\"><img decoding=\"async\" src=\"http:\/\/toroagenciadigital.com.br\/principal\/wp-content\/themes\/twentytwenty\/assets\/images\/2020-landscape-2.png\" alt=\"\" class=\"wp-image-37\"\/><\/figure>\n\n\n\n<div class=\"wp-block-group alignwide\"><div class=\"wp-block-group__inner-container is-layout-flow wp-block-group-is-layout-flow\">\n<h2 class=\"has-text-align-center has-accent-color has-text-color wp-block-heading\">&#8220;\u201cAs conquistas dependem 50% de inspira\u00e7\u00e3o, criatividade e sonhos, e 50% de disciplina, trabalho \u00e1rduo e determina\u00e7\u00e3o.\u201d (Augusto Cury)&#8221;.<\/h2>\n<\/div><\/div>\n\n\n\n<p class=\"has-drop-cap\">Uma Ag\u00eancia Digital de Publicidade, sempre pronta para mostrar o potencial do cliente para os seus clientes. Ir al\u00e9m e explorar o potencial criativo da sua empresa.<\/p>\n\n\n\n<p>Idealizamos e desenvolvemos sites, marketing digital, publicidade, que conectam pessoas \u00e0s suas redes sociais. Engajamos sua campanhas online com o que realmente importa para o seu cliente com os recursos e planejamentos digitais.<\/p>\n\n\n\n<p><\/p>\n\n\n\n<p><\/p>\n\n\n\n<div class=\"wp-block-group alignwide has-background\" style=\"background-color:#ffffff\"><div class=\"wp-block-group__inner-container is-layout-flow wp-block-group-is-layout-flow\">\n<div class=\"wp-block-group\"><div class=\"wp-block-group__inner-container is-layout-flow wp-block-group-is-layout-flow\">\n<h2 class=\"has-text-align-center wp-block-heading\">Torne-se um membro e receba ofertas exclusivas!<\/h2>\n\n\n\n<p class=\"has-text-align-center\">Os membros t\u00eam acesso a exibi\u00e7\u00f5es e vendas exclusivas. Nossa assinatura custa $99,99 e \u00e9 cobrada anualmente.<\/p>\n\n\n\n<div class=\"wp-block-button aligncenter\"><a class=\"wp-block-button__link wp-element-button\" href=\"https:\/\/make.wordpress.org\/core\/2019\/09\/27\/block-editor-theme-related-updates-in-wordpress-5-3\/\">Participe<\/a><\/div>\n<\/div><\/div>\n<\/div><\/div>\n\n\n\n<figure class=\"wp-block-gallery alignwide has-nested-images columns-default is-cropped wp-block-gallery-5 is-layout-flex wp-block-gallery-is-layout-flex\">\n<figure class=\"wp-block-image size-large\"><img decoding=\"async\" data-id=\"39\" src=\"http:\/\/toroagenciadigital.com.br\/principal\/wp-content\/themes\/twentytwenty\/assets\/images\/2020-square-2.png\" alt=\"\" class=\"wp-image-39\"\/><\/figure>\n\n\n\n<figure class=\"wp-block-image size-large\"><img decoding=\"async\" data-id=\"38\" src=\"http:\/\/toroagenciadigital.com.br\/principal\/wp-content\/themes\/twentytwenty\/assets\/images\/2020-square-1.png\" alt=\"\" class=\"wp-image-38\"\/><\/figure>\n<\/figure>\n","protected":false},"excerpt":{"rendered":"<p>Nosso objetivo \u00e9 que voc\u00ea avance, cres\u00e7a e profissionaliza Religioso Pessoal Empresarial Gr\u00e1fica &#8220;\u201cAs conquistas dependem 50% de inspira\u00e7\u00e3o, criatividade e sonhos, e 50% de disciplina, trabalho \u00e1rduo e determina\u00e7\u00e3o.\u201d (Augusto Cury)&#8221;. Uma Ag\u00eancia Digital de Publicidade, sempre pronta para mostrar o potencial do cliente para os seus clientes. Ir al\u00e9m e explorar o potencial [&hellip;]<\/p>\n","protected":false},"author":1,"featured_media":16,"parent":0,"menu_order":0,"comment_status":"closed","ping_status":"closed","template":"","meta":{"footnotes":""},"class_list":["post-17","page","type-page","status-publish","has-post-thumbnail","hentry"],"_links":{"self":[{"href":"https:\/\/toroagenciadigital.com.br\/index.php\/wp-json\/wp\/v2\/pages\/17","targetHints":{"allow":["GET"]}}],"collection":[{"href":"https:\/\/toroagenciadigital.com.br\/index.php\/wp-json\/wp\/v2\/pages"}],"about":[{"href":"https:\/\/toroagenciadigital.com.br\/index.php\/wp-json\/wp\/v2\/types\/page"}],"author":[{"embeddable":true,"href":"https:\/\/toroagenciadigital.com.br\/index.php\/wp-json\/wp\/v2\/users\/1"}],"replies":[{"embeddable":true,"href":"https:\/\/toroagenciadigital.com.br\/index.php\/wp-json\/wp\/v2\/comments?post=17"}],"version-history":[{"count":10,"href":"https:\/\/toroagenciadigital.com.br\/index.php\/wp-json\/wp\/v2\/pages\/17\/revisions"}],"predecessor-version":[{"id":75,"href":"https:\/\/toroagenciadigital.com.br\/index.php\/wp-json\/wp\/v2\/pages\/17\/revisions\/75"}],"wp:featuredmedia":[{"embeddable":true,"href":"https:\/\/toroagenciadigital.com.br\/index.php\/wp-json\/wp\/v2\/media\/16"}],"wp:attachment":[{"href":"https:\/\/toroagenciadigital.com.br\/index.php\/wp-json\/wp\/v2\/media?parent=17"}],"curies":[{"name":"wp","href":"https:\/\/api.w.org\/{rel}","templated":true}]}}